{"id":2031,"date":"2022-03-28T23:37:16","date_gmt":"2022-03-28T21:37:16","guid":{"rendered":"https:\/\/durdzinski-kunicki.pl\/?page_id=2031"},"modified":"2022-03-29T00:22:00","modified_gmt":"2022-03-28T22:22:00","slug":"dk-zabiegi-chirurgii-krotkoterminowej-2","status":"publish","type":"page","link":"https:\/\/durdzinski-kunicki.pl\/index.php\/dk-zabiegi-chirurgii-krotkoterminowej-2\/","title":{"rendered":"D&#038;K Zabiegi chirurgii kr\u00f3tkoterminowej"},"content":{"rendered":"\t\t<div data-elementor-type=\"wp-page\" data-elementor-id=\"2031\" class=\"elementor elementor-2031\">\n\t\t\t\t\t\t<section class=\"elementor-section elementor-top-section elementor-element elementor-element-b61c68d elementor-section-boxed elementor-section-height-default elementor-section-height-default\" data-id=\"b61c68d\" data-element_type=\"section\">\n\t\t\t\t\t\t<div class=\"elementor-container elementor-column-gap-default\">\n\t\t\t\t\t<div class=\"elementor-column elementor-col-100 elementor-top-column elementor-element elementor-element-8d63d96\" data-id=\"8d63d96\" data-element_type=\"column\">\n\t\t\t<div class=\"elementor-widget-wrap elementor-element-populated\">\n\t\t\t\t\t\t<div class=\"elementor-element elementor-element-2c2b112 elementor-widget elementor-widget-heading\" data-id=\"2c2b112\" data-element_type=\"widget\" data-widget_type=\"heading.default\">\n\t\t\t\t<div class=\"elementor-widget-container\">\n\t\t\t\t\t<h2 class=\"elementor-heading-title elementor-size-default\">Zabiegi chirurgii kr\u00f3tkoterminowej - tzw. \"chirurgia jednego dnia\"<\/h2>\t\t\t\t<\/div>\n\t\t\t\t<\/div>\n\t\t\t\t\t<\/div>\n\t\t<\/div>\n\t\t\t\t\t<\/div>\n\t\t<\/section>\n\t\t\t\t<section class=\"elementor-section elementor-top-section elementor-element elementor-element-b97eb22 elementor-section-boxed elementor-section-height-default elementor-section-height-default\" data-id=\"b97eb22\" data-element_type=\"section\">\n\t\t\t\t\t\t<div class=\"elementor-container elementor-column-gap-default\">\n\t\t\t\t\t<div class=\"elementor-column elementor-col-100 elementor-top-column elementor-element elementor-element-b69ade4\" data-id=\"b69ade4\" data-element_type=\"column\">\n\t\t\t<div class=\"elementor-widget-wrap\">\n\t\t\t\t\t\t\t<\/div>\n\t\t<\/div>\n\t\t\t\t\t<\/div>\n\t\t<\/section>\n\t\t\t\t<section class=\"elementor-section elementor-top-section elementor-element elementor-element-69f6ed12 elementor-section-boxed elementor-section-height-default elementor-section-height-default\" data-id=\"69f6ed12\" data-element_type=\"section\">\n\t\t\t\t\t\t<div class=\"elementor-container elementor-column-gap-default\">\n\t\t\t\t\t<div class=\"elementor-column elementor-col-100 elementor-top-column elementor-element elementor-element-4ac70d4f\" data-id=\"4ac70d4f\" data-element_type=\"column\">\n\t\t\t<div class=\"elementor-widget-wrap elementor-element-populated\">\n\t\t\t\t\t\t<div class=\"elementor-element elementor-element-556e50b9 elementor-widget elementor-widget-text-editor\" data-id=\"556e50b9\" data-element_type=\"widget\" data-widget_type=\"text-editor.default\">\n\t\t\t\t<div class=\"elementor-widget-container\">\n\t\t\t\t\t\t\t\t\t<p>Nasi pacjenci maj\u0105 mo\u017cliwo\u015b\u0107 skorzystania z zabieg\u00f3w chirurgii kr\u00f3tkoterminowej o charakterze komercyjnym \u2013 pe\u0142nop\u0142atnym ze strony pacjenta.<br \/>Zalet\u0105 tego typu leczenia jest mo\u017cliwo\u015b\u0107 wyboru przez pacjenta dogodnego dla siebie terminu zabiegu bez konieczno\u015bci oczekiwania w d\u0142ugiej kolejce. Dodatkowo okres pobytu w szpitalu jest zredukowany do minimum \u2013 pacjent jest wypisany do domu tego samego dnia lub dnia nast\u0119pnego.<\/p>\n<p>Zabiegi chirurgii kr\u00f3tkoterminowej odbywaj\u0105 si\u0119 w Centrum Chirurgii Kr\u00f3tkoterminowej EPIONE w Katowicach przy ulicy Piotrowickiej 68. Dzi\u0119ki wsp\u00f3\u0142pracy z Centrum EPIONE mamy dost\u0119p do sali operacyjnej z opiek\u0105 lekarza anestezjologa oraz ca\u0142ym zapleczem zapewniaj\u0105cym bezpiecze\u0144stwo i komfort pacjenta.<\/p>\n<p>\u00a0<\/p>\t\t\t\t\t\t\t\t<\/div>\n\t\t\t\t<\/div>\n\t\t\t\t\t<\/div>\n\t\t<\/div>\n\t\t\t\t\t<\/div>\n\t\t<\/section>\n\t\t\t\t<section class=\"elementor-section elementor-top-section elementor-element elementor-element-916a294 elementor-section-boxed elementor-section-height-default elementor-section-height-default\" data-id=\"916a294\" data-element_type=\"section\">\n\t\t\t\t\t\t<div class=\"elementor-container elementor-column-gap-default\">\n\t\t\t\t\t<div class=\"elementor-column elementor-col-100 elementor-top-column elementor-element elementor-element-4bf6a53\" data-id=\"4bf6a53\" data-element_type=\"column\">\n\t\t\t<div class=\"elementor-widget-wrap elementor-element-populated\">\n\t\t\t\t\t\t<div class=\"elementor-element elementor-element-39e8816 elementor-align-center elementor-widget elementor-widget-button\" data-id=\"39e8816\" data-element_type=\"widget\" data-widget_type=\"button.default\">\n\t\t\t\t<div class=\"elementor-widget-container\">\n\t\t\t\t\t\t\t\t\t<div class=\"elementor-button-wrapper\">\n\t\t\t\t\t<a class=\"elementor-button elementor-button-link elementor-size-sm\" href=\"https:\/\/www.epione.pl\/oferta\/chirurgia-krotkoterminowa-pl.html\">\n\t\t\t\t\t\t<span class=\"elementor-button-content-wrapper\">\n\t\t\t\t\t\t\t\t\t<span class=\"elementor-button-text\">Epione<\/span>\n\t\t\t\t\t<\/span>\n\t\t\t\t\t<\/a>\n\t\t\t\t<\/div>\n\t\t\t\t\t\t\t\t<\/div>\n\t\t\t\t<\/div>\n\t\t\t\t\t<\/div>\n\t\t<\/div>\n\t\t\t\t\t<\/div>\n\t\t<\/section>\n\t\t\t\t<section class=\"elementor-section elementor-top-section elementor-element elementor-element-76306b1 elementor-section-boxed elementor-section-height-default elementor-section-height-default\" data-id=\"76306b1\" data-element_type=\"section\">\n\t\t\t\t\t\t<div class=\"elementor-container elementor-column-gap-default\">\n\t\t\t\t\t<div class=\"elementor-column elementor-col-100 elementor-top-column elementor-element elementor-element-43a7265\" data-id=\"43a7265\" data-element_type=\"column\">\n\t\t\t<div class=\"elementor-widget-wrap elementor-element-populated\">\n\t\t\t\t\t\t<div class=\"elementor-element elementor-element-92a40a6 elementor-widget elementor-widget-text-editor\" data-id=\"92a40a6\" data-element_type=\"widget\" data-widget_type=\"text-editor.default\">\n\t\t\t\t<div class=\"elementor-widget-container\">\n\t\t\t\t\t\t\t\t\t<h5>Wszelkie zabiegi chirurgiczne, kt\u00f3re s\u0105 kwalifikowane i koordynowane przez nasz\u0105 poradni\u0119, s\u0105 wykonywane przez naszych specjalist\u00f3w.<\/h5>\t\t\t\t\t\t\t\t<\/div>\n\t\t\t\t<\/div>\n\t\t\t\t\t<\/div>\n\t\t<\/div>\n\t\t\t\t\t<\/div>\n\t\t<\/section>\n\t\t\t\t<section class=\"elementor-section elementor-top-section elementor-element elementor-element-db7438e elementor-section-boxed elementor-section-height-default elementor-section-height-default\" data-id=\"db7438e\" data-element_type=\"section\">\n\t\t\t\t\t\t<div class=\"elementor-container elementor-column-gap-default\">\n\t\t\t\t\t<div class=\"elementor-column elementor-col-100 elementor-top-column elementor-element elementor-element-b744f61\" data-id=\"b744f61\" data-element_type=\"column\">\n\t\t\t<div class=\"elementor-widget-wrap\">\n\t\t\t\t\t\t\t<\/div>\n\t\t<\/div>\n\t\t\t\t\t<\/div>\n\t\t<\/section>\n\t\t\t\t<section class=\"elementor-section elementor-top-section elementor-element elementor-element-14f0a90 elementor-section-boxed elementor-section-height-default elementor-section-height-default\" data-id=\"14f0a90\" data-element_type=\"section\">\n\t\t\t\t\t\t<div class=\"elementor-container elementor-column-gap-default\">\n\t\t\t\t\t<div class=\"elementor-column elementor-col-100 elementor-top-column elementor-element elementor-element-ba06235\" data-id=\"ba06235\" data-element_type=\"column\">\n\t\t\t<div class=\"elementor-widget-wrap elementor-element-populated\">\n\t\t\t\t\t\t<div class=\"elementor-element elementor-element-5bccc2d elementor-widget elementor-widget-heading\" data-id=\"5bccc2d\" data-element_type=\"widget\" data-widget_type=\"heading.default\">\n\t\t\t\t<div class=\"elementor-widget-container\">\n\t\t\t\t\t<h2 class=\"elementor-heading-title elementor-size-default\">Poni\u017cej przedstawiamy list\u0119 zabieg\u00f3w wykonywanych przez nas w Centrum EPIONE<\/h2>\t\t\t\t<\/div>\n\t\t\t\t<\/div>\n\t\t\t\t\t<\/div>\n\t\t<\/div>\n\t\t\t\t\t<\/div>\n\t\t<\/section>\n\t\t\t\t<section class=\"elementor-section elementor-top-section elementor-element elementor-element-6e806e1 elementor-section-boxed elementor-section-height-default elementor-section-height-default\" data-id=\"6e806e1\" data-element_type=\"section\">\n\t\t\t\t\t\t<div class=\"elementor-container elementor-column-gap-default\">\n\t\t\t\t\t<div class=\"elementor-column elementor-col-100 elementor-top-column elementor-element elementor-element-4a4faca\" data-id=\"4a4faca\" data-element_type=\"column\">\n\t\t\t<div class=\"elementor-widget-wrap\">\n\t\t\t\t\t\t\t<\/div>\n\t\t<\/div>\n\t\t\t\t\t<\/div>\n\t\t<\/section>\n\t\t\t\t<section class=\"elementor-section elementor-top-section elementor-element elementor-element-14930b4 elementor-section-boxed elementor-section-height-default elementor-section-height-default\" data-id=\"14930b4\" data-element_type=\"section\">\n\t\t\t\t\t\t<div class=\"elementor-container elementor-column-gap-default\">\n\t\t\t\t\t<div class=\"elementor-column elementor-col-100 elementor-top-column elementor-element elementor-element-54838a3\" data-id=\"54838a3\" data-element_type=\"column\">\n\t\t\t<div class=\"elementor-widget-wrap elementor-element-populated\">\n\t\t\t\t\t\t<div class=\"elementor-element elementor-element-62be290 elementor-widget elementor-widget-text-editor\" data-id=\"62be290\" data-element_type=\"widget\" data-widget_type=\"text-editor.default\">\n\t\t\t\t<div class=\"elementor-widget-container\">\n\t\t\t\t\t\t\t\t\t<h5>zabiegi wykonywane w znieczuleniu miejscowym<\/h5>\t\t\t\t\t\t\t\t<\/div>\n\t\t\t\t<\/div>\n\t\t\t\t\t<\/div>\n\t\t<\/div>\n\t\t\t\t\t<\/div>\n\t\t<\/section>\n\t\t\t\t<section class=\"elementor-section elementor-top-section elementor-element elementor-element-10eced1 elementor-section-boxed elementor-section-height-default elementor-section-height-default\" data-id=\"10eced1\" data-element_type=\"section\">\n\t\t\t\t\t\t<div class=\"elementor-container elementor-column-gap-default\">\n\t\t\t\t\t<div class=\"elementor-column elementor-col-100 elementor-top-column elementor-element elementor-element-75dca29\" data-id=\"75dca29\" data-element_type=\"column\">\n\t\t\t<div class=\"elementor-widget-wrap elementor-element-populated\">\n\t\t\t\t\t\t<div class=\"elementor-element elementor-element-db446b8 elementor-widget elementor-widget-text-editor\" data-id=\"db446b8\" data-element_type=\"widget\" data-widget_type=\"text-editor.default\">\n\t\t\t\t<div class=\"elementor-widget-container\">\n\t\t\t\t\t\t\t\t\t<ul>\n<li>Usuni\u0119cie guzka piersi<\/li>\n<li>Usuni\u0119cie guzka sk\u00f3ry lub tkanki podsk\u00f3rnej<\/li>\n<li>Plastyka przepukliny pachwinowej z u\u017cyciem siatki<\/li>\n<li>Plastyka przepukliny pachwinowej bez u\u017cycia siatki<\/li>\n<li>Plastyka przepukliny p\u0119pkowej z u\u017cyciem siatki<\/li>\n<li>Plastyka przepukliny p\u0119pkowej bez u\u017cycia siatki<\/li>\n<li>Operacja torbieli w\u0142osowej<\/li>\n<\/ul>\t\t\t\t\t\t\t\t<\/div>\n\t\t\t\t<\/div>\n\t\t\t\t\t<\/div>\n\t\t<\/div>\n\t\t\t\t\t<\/div>\n\t\t<\/section>\n\t\t\t\t<section class=\"elementor-section elementor-top-section elementor-element elementor-element-44bd3aa elementor-section-boxed elementor-section-height-default elementor-section-height-default\" data-id=\"44bd3aa\" data-element_type=\"section\">\n\t\t\t\t\t\t<div class=\"elementor-container elementor-column-gap-default\">\n\t\t\t\t\t<div class=\"elementor-column elementor-col-100 elementor-top-column elementor-element elementor-element-24382f7\" data-id=\"24382f7\" data-element_type=\"column\">\n\t\t\t<div class=\"elementor-widget-wrap elementor-element-populated\">\n\t\t\t\t\t\t<div class=\"elementor-element elementor-element-c90ac3b elementor-widget elementor-widget-text-editor\" data-id=\"c90ac3b\" data-element_type=\"widget\" data-widget_type=\"text-editor.default\">\n\t\t\t\t<div class=\"elementor-widget-container\">\n\t\t\t\t\t\t\t\t\t<h5>zabiegi wykonywane z udzia\u0142em anestezjologa<\/h5>\t\t\t\t\t\t\t\t<\/div>\n\t\t\t\t<\/div>\n\t\t\t\t\t<\/div>\n\t\t<\/div>\n\t\t\t\t\t<\/div>\n\t\t<\/section>\n\t\t\t\t<section class=\"elementor-section elementor-top-section elementor-element elementor-element-cca03db elementor-section-boxed elementor-section-height-default elementor-section-height-default\" data-id=\"cca03db\" data-element_type=\"section\">\n\t\t\t\t\t\t<div class=\"elementor-container elementor-column-gap-default\">\n\t\t\t\t\t<div class=\"elementor-column elementor-col-100 elementor-top-column elementor-element elementor-element-7853c0f\" data-id=\"7853c0f\" data-element_type=\"column\">\n\t\t\t<div class=\"elementor-widget-wrap elementor-element-populated\">\n\t\t\t\t\t\t<div class=\"elementor-element elementor-element-534fad1 elementor-widget elementor-widget-text-editor\" data-id=\"534fad1\" data-element_type=\"widget\" data-widget_type=\"text-editor.default\">\n\t\t\t\t<div class=\"elementor-widget-container\">\n\t\t\t\t\t\t\t\t\t<ul>\n<li>Plastyka przepukliny p\u0119pkowej z u\u017cyciem siatki<\/li>\n<li>Plastyka przepukliny p\u0119pkowej bez u\u017cycia siatki<\/li>\n<li>Plastyka przepukliny pachwinowej jednostronnej z u\u017cyciem siatki<\/li>\n<li>Plastyka przepukliny pachwinowej jednostronnej bez u\u017cycia siatki<\/li>\n<li>Operacja przepukliny w kresie bia\u0142ej z u\u017cyciem siatki<\/li>\n<li>Operacja torbieli w\u0142osowej<\/li>\n<li>Hemoroidektomia \u2013 metod\u0105 klasyczn\u0105<\/li>\n<li>Hemoroidektomia \u2013 z u\u017cyciem lasera LHP<\/li>\n<li>Operacja szczeliny odbytu<\/li>\n<li>Operacja usuni\u0119cia polip\u00f3w kana\u0142u odbytu lub zmian przyodbytowych<\/li>\n<li>Przeci\u0119cie przetoki oko\u0142oodbytniczej<\/li>\n<li>Przeci\u0119cie przetoki oko\u0142oodbytniczej z szyciem zwieracza<\/li>\n<li>Operacja przetoki oko\u0142oodbytniczej metod\u0105 lift<\/li>\n<li>Operacja wodniaka j\u0105dra<\/li>\n<li>Cholecystektomia laparoskopowo<\/li>\n<\/ul>\t\t\t\t\t\t\t\t<\/div>\n\t\t\t\t<\/div>\n\t\t\t\t\t<\/div>\n\t\t<\/div>\n\t\t\t\t\t<\/div>\n\t\t<\/section>\n\t\t\t\t<section class=\"elementor-section elementor-top-section elementor-element elementor-element-165f308 elementor-section-boxed elementor-section-height-default elementor-section-height-default\" data-id=\"165f308\" data-element_type=\"section\">\n\t\t\t\t\t\t<div class=\"elementor-container elementor-column-gap-default\">\n\t\t\t\t\t<div class=\"elementor-column elementor-col-100 elementor-top-column elementor-element elementor-element-c8267fe\" data-id=\"c8267fe\" data-element_type=\"column\">\n\t\t\t<div class=\"elementor-widget-wrap\">\n\t\t\t\t\t\t\t<\/div>\n\t\t<\/div>\n\t\t\t\t\t<\/div>\n\t\t<\/section>\n\t\t\t\t<section class=\"elementor-section elementor-top-section elementor-element elementor-element-d89a801 elementor-section-boxed elementor-section-height-default elementor-section-height-default\" data-id=\"d89a801\" data-element_type=\"section\">\n\t\t\t\t\t\t<div class=\"elementor-container elementor-column-gap-default\">\n\t\t\t\t\t<div class=\"elementor-column elementor-col-100 elementor-top-column elementor-element elementor-element-601fc80\" data-id=\"601fc80\" data-element_type=\"column\">\n\t\t\t<div class=\"elementor-widget-wrap elementor-element-populated\">\n\t\t\t\t\t\t<div class=\"elementor-element elementor-element-2da41a7 elementor-widget elementor-widget-heading\" data-id=\"2da41a7\" data-element_type=\"widget\" data-widget_type=\"heading.default\">\n\t\t\t\t<div class=\"elementor-widget-container\">\n\t\t\t\t\t<h2 class=\"elementor-heading-title elementor-size-default\">Cena ka\u017cdego zabiegu obejmuje:<\/h2>\t\t\t\t<\/div>\n\t\t\t\t<\/div>\n\t\t\t\t\t<\/div>\n\t\t<\/div>\n\t\t\t\t\t<\/div>\n\t\t<\/section>\n\t\t\t\t<section class=\"elementor-section elementor-top-section elementor-element elementor-element-fe84648 elementor-section-boxed elementor-section-height-default elementor-section-height-default\" data-id=\"fe84648\" data-element_type=\"section\">\n\t\t\t\t\t\t<div class=\"elementor-container elementor-column-gap-default\">\n\t\t\t\t\t<div class=\"elementor-column elementor-col-100 elementor-top-column elementor-element elementor-element-123a7f1\" data-id=\"123a7f1\" data-element_type=\"column\">\n\t\t\t<div class=\"elementor-widget-wrap\">\n\t\t\t\t\t\t\t<\/div>\n\t\t<\/div>\n\t\t\t\t\t<\/div>\n\t\t<\/section>\n\t\t\t\t<section class=\"elementor-section elementor-top-section elementor-element elementor-element-30357db elementor-section-boxed elementor-section-height-default elementor-section-height-default\" data-id=\"30357db\" data-element_type=\"section\">\n\t\t\t\t\t\t<div class=\"elementor-container elementor-column-gap-default\">\n\t\t\t\t\t<div class=\"elementor-column elementor-col-100 elementor-top-column elementor-element elementor-element-1ed89a7\" data-id=\"1ed89a7\" data-element_type=\"column\">\n\t\t\t<div class=\"elementor-widget-wrap elementor-element-populated\">\n\t\t\t\t\t\t<div class=\"elementor-element elementor-element-6957bd9 elementor-widget elementor-widget-text-editor\" data-id=\"6957bd9\" data-element_type=\"widget\" data-widget_type=\"text-editor.default\">\n\t\t\t\t<div class=\"elementor-widget-container\">\n\t\t\t\t\t\t\t\t\t<ul>\n<li>wynaj\u0119cie sali operacyjnej wraz z personelem niezb\u0119dnym przy operacji<\/li>\n<li>wykonanie zabiegu operacyjnego<\/li>\n<li>asyst\u0119 lekarza anestezjologa<\/li>\n<li>materia\u0142y potrzebne do wykonania zabiegu<\/li>\n<li>nocleg pacjenta<\/li>\n<li>ci\u0105g\u0142\u0105 opiek\u0119 lekarza specjalisty przez ca\u0142y okres pobytu pacjenta w miejscu wykonania operacji<\/li>\n<\/ul>\t\t\t\t\t\t\t\t<\/div>\n\t\t\t\t<\/div>\n\t\t\t\t\t<\/div>\n\t\t<\/div>\n\t\t\t\t\t<\/div>\n\t\t<\/section>\n\t\t\t\t<section class=\"elementor-section elementor-top-section elementor-element elementor-element-fc674cc elementor-section-boxed elementor-section-height-default elementor-section-height-default\" data-id=\"fc674cc\" data-element_type=\"section\">\n\t\t\t\t\t\t<div class=\"elementor-container elementor-column-gap-default\">\n\t\t\t\t\t<div class=\"elementor-column elementor-col-100 elementor-top-column elementor-element elementor-element-0f6b574\" data-id=\"0f6b574\" data-element_type=\"column\">\n\t\t\t<div class=\"elementor-widget-wrap elementor-element-populated\">\n\t\t\t\t\t\t<div class=\"elementor-element elementor-element-0b4f357 elementor-widget elementor-widget-text-editor\" data-id=\"0b4f357\" data-element_type=\"widget\" data-widget_type=\"text-editor.default\">\n\t\t\t\t<div class=\"elementor-widget-container\">\n\t\t\t\t\t\t\t\t\t<h4>Kwalifikacja do powy\u017cszych zabieg\u00f3w operacyjnych oraz wizyty kontrolne odbywaj\u0105 si\u0119 w naszej poradni, a lekarz kwalifikuj\u0105cy jest jednocze\u015bnie operatorem. Koszt wizyty kwalifikacyjnej jest taki sam jak zwyk\u0142a wizyta konsultacyjna w naszej plac\u00f3wce.<\/h4>\n<h4>Pierwsza wizyta kontrolna po zabiegu jest bezp\u0142atna, ka\u017cda nast\u0119pna w cenie konsultacji specjalisty zgodnie z obowi\u0105zuj\u0105cym cennikiem.<\/h4>\n<h4>Pacjent prowadzony jest przez tego samego specjalist\u0119 od pierwszej wizyty w poradni Durdzi\u0144ski &amp; Kunicki do momentu zako\u0144czenia\u00a0 leczenia.<\/h4>\t\t\t\t\t\t\t\t<\/div>\n\t\t\t\t<\/div>\n\t\t\t\t\t<\/div>\n\t\t<\/div>\n\t\t\t\t\t<\/div>\n\t\t<\/section>\n\t\t\t\t<\/div>\n\t\t","protected":false},"excerpt":{"rendered":"<p>Zabiegi chirurgii kr\u00f3tkoterminowej &#8211; tzw. &#8222;chirurgia jednego dnia&#8221; Nasi pacjenci maj\u0105 mo\u017cliwo\u015b\u0107 skorzystania z zabieg\u00f3w chirurgii kr\u00f3tkoterminowej o charakterze komercyjnym [&hellip;]<\/p>\n","protected":false},"author":1,"featured_media":0,"parent":0,"menu_order":0,"comment_status":"closed","ping_status":"closed","template":"","meta":{"footnotes":""},"class_list":["post-2031","page","type-page","status-publish","hentry"],"_links":{"self":[{"href":"https:\/\/durdzinski-kunicki.pl\/index.php\/wp-json\/wp\/v2\/pages\/2031","targetHints":{"allow":["GET"]}}],"collection":[{"href":"https:\/\/durdzinski-kunicki.pl\/index.php\/wp-json\/wp\/v2\/pages"}],"about":[{"href":"https:\/\/durdzinski-kunicki.pl\/index.php\/wp-json\/wp\/v2\/types\/page"}],"author":[{"embeddable":true,"href":"https:\/\/durdzinski-kunicki.pl\/index.php\/wp-json\/wp\/v2\/users\/1"}],"replies":[{"embeddable":true,"href":"https:\/\/durdzinski-kunicki.pl\/index.php\/wp-json\/wp\/v2\/comments?post=2031"}],"version-history":[{"count":12,"href":"https:\/\/durdzinski-kunicki.pl\/index.php\/wp-json\/wp\/v2\/pages\/2031\/revisions"}],"predecessor-version":[{"id":2051,"href":"https:\/\/durdzinski-kunicki.pl\/index.php\/wp-json\/wp\/v2\/pages\/2031\/revisions\/2051"}],"wp:attachment":[{"href":"https:\/\/durdzinski-kunicki.pl\/index.php\/wp-json\/wp\/v2\/media?parent=2031"}],"curies":[{"name":"wp","href":"https:\/\/api.w.org\/{rel}","templated":true}]}}